{"id":1254,"date":"2022-11-20T18:34:18","date_gmt":"2022-11-20T17:34:18","guid":{"rendered":"https:\/\/vadedades.umh.es\/ajudes\/"},"modified":"2024-10-28T10:38:18","modified_gmt":"2024-10-28T09:38:18","slug":"ajudes","status":"publish","type":"page","link":"https:\/\/vadedades.umh.es\/ca\/ajudes\/","title":{"rendered":"AJUDES"},"content":{"rendered":"<p>[et_pb_section fb_built=&#8221;1&#8243; _builder_version=&#8221;4.17.4&#8243; _module_preset=&#8221;default&#8221; background_color=&#8221;#fffbf3&#8243; background_image=&#8221;https:\/\/vadedades.umh.es\/files\/2022\/11\/fondo-bases2.png&#8221; background_size=&#8221;custom&#8221; background_image_width=&#8221;115%&#8221; background_position=&#8221;top_center&#8221; background_repeat=&#8221;repeat-y&#8221; min_height=&#8221;186.8px&#8221; custom_margin=&#8221;-20px||||false|false&#8221; custom_padding=&#8221;0px||50px|||&#8221; animation_style=&#8221;fade&#8221; global_colors_info=&#8221;{}&#8221;][et_pb_row _builder_version=&#8221;4.17.4&#8243; _module_preset=&#8221;default&#8221; global_colors_info=&#8221;{}&#8221;][et_pb_column type=&#8221;4_4&#8243; _builder_version=&#8221;4.17.4&#8243; _module_preset=&#8221;default&#8221; global_colors_info=&#8221;{}&#8221;][et_pb_image src=&#8221;https:\/\/vadedades.umh.es\/files\/2022\/11\/AJUDES-TITULO-300&#215;109.png&#8221; title_text=&#8221;AJUDES&#8221; _builder_version=&#8221;4.17.4&#8243; _module_preset=&#8221;default&#8221; transform_translate_linked=&#8221;off&#8221; width=&#8221;20%&#8221; width_tablet=&#8221;100%&#8221; width_phone=&#8221;100%&#8221; width_last_edited=&#8221;on|tablet&#8221; max_width=&#8221;44%&#8221; max_width_tablet=&#8221;25%&#8221; max_width_phone=&#8221;25%&#8221; max_width_last_edited=&#8221;on|tablet&#8221; module_alignment=&#8221;center&#8221; custom_margin=&#8221;30px||||false|false&#8221; custom_margin_tablet=&#8221;30px||||false|false&#8221; custom_margin_phone=&#8221;30px||||false|false&#8221; custom_margin_last_edited=&#8221;on|tablet&#8221; animation_style=&#8221;zoom&#8221; global_colors_info=&#8221;{}&#8221;][\/et_pb_image][\/et_pb_column][\/et_pb_row][et_pb_row _builder_version=&#8221;4.17.4&#8243; _module_preset=&#8221;default&#8221; animation_style=&#8221;fade&#8221; global_colors_info=&#8221;{}&#8221;][et_pb_column type=&#8221;4_4&#8243; _builder_version=&#8221;4.17.4&#8243; _module_preset=&#8221;default&#8221; global_colors_info=&#8221;{}&#8221;][et_pb_text _builder_version=&#8221;4.17.4&#8243; _module_preset=&#8221;default&#8221; text_font=&#8221;Baloo Tammudu 2||||||||&#8221; text_text_color=&#8221;#3f3f3f&#8221; text_font_size=&#8221;19px&#8221; background_color=&#8221;#d75314&#8243; text_orientation=&#8221;justified&#8221; max_width_tablet=&#8221;70%&#8221; max_width_phone=&#8221;70%&#8221; max_width_last_edited=&#8221;on|tablet&#8221; hover_enabled=&#8221;0&#8243; text_font_size_tablet=&#8221;15px&#8221; text_font_size_phone=&#8221;10px&#8221; text_font_size_last_edited=&#8221;on|tablet&#8221; module_alignment_tablet=&#8221;center&#8221; module_alignment_phone=&#8221;center&#8221; module_alignment_last_edited=&#8221;on|tablet&#8221; border_radii=&#8221;on|20px|20px|20px|20px&#8221; border_width_all=&#8221;20px&#8221; border_color_all=&#8221;#d75314&#8243; box_shadow_style=&#8221;preset4&#8243; box_shadow_horizontal=&#8221;8px&#8221; box_shadow_vertical=&#8221;8px&#8221; global_colors_info=&#8221;{}&#8221; sticky_enabled=&#8221;0&#8243;]<\/p>\n<p><span style=\"color: #ffffff\"><b>INCUBADORA DE SONDEJOS I EXPERIMENTS SEIO<\/b><\/span><\/p>\n<p><span style=\"color: #ffffff\"><a style=\"color: #ffffff\" href=\"https:\/\/www.seio.es\/concurso-incubadora\/\" target=\"_blank\" rel=\"noopener\"><span style=\"font-weight: 400\">\u2192 <span style=\"text-decoration: underline\">Fase Nacional del Concurs tipus Incubadora de Sondejos i Experiments. SEIO<\/span>.<\/span><\/a><\/span><\/p>\n<p><span style=\"color: #ffffff\"><a style=\"color: #ffffff\" href=\"https:\/\/drive.google.com\/file\/d\/12I1xJHZjkQb1IKTUqCQIhMH72CUZXpji\/view?usp=share_link\" target=\"_blank\" rel=\"noopener\"><span style=\"font-weight: 400\">\u2192 <span style=\"text-decoration: underline\">Actes dels treballs presentats en la XI Fase Nacional dels Concursos tipus Incubadora de Sondejos i Experiments (any 2022).<\/span><\/span>.<\/a><\/span><\/p>\n<p><span style=\"color: #ffffff\"><a style=\"color: #ffffff\" href=\"https:\/\/drive.google.com\/file\/d\/1u41Fdot43jUWiy-52kPS8XbzIIWFfYqF\/view\" target=\"_blank\" rel=\"noopener\"><span style=\"font-weight: 400\">\u2192 <span style=\"text-decoration: underline\">Actes dels treballs presentats en la XII Fase Nacional dels Concursos tipus Incubadora de Sondejos i Experiments  (any 2023).<\/span><\/span>.<\/a><\/span><\/p>\n<p><span style=\"color: #ffffff\"><a style=\"color: #ffffff\" href=\"https:\/\/drive.google.com\/file\/d\/1R6jZ6oR2ddUkRpAcRfaPyGnBcIENNKOQ\/view\" target=\"_blank\" rel=\"noopener\"><span style=\"font-weight: 400\">\u2192 <span style=\"text-decoration: underline\">Actes dels treballs presentats en la XIII Fase Nacional dels Concursos tipus Incubadora de Sondejos i Experiments  (any 2024).<\/span><\/span>.<\/a><\/span><\/p>\n<p>[\/et_pb_text][et_pb_text _builder_version=&#8221;4.17.4&#8243; _module_preset=&#8221;default&#8221; text_font=&#8221;Baloo Tammudu 2||||||||&#8221; text_text_color=&#8221;#3f3f3f&#8221; text_font_size=&#8221;19px&#8221; background_color=&#8221;#49b8d6&#8243; text_orientation=&#8221;justified&#8221; width_tablet=&#8221;70%&#8221; width_phone=&#8221;70%&#8221; width_last_edited=&#8221;on|tablet&#8221; module_alignment=&#8221;center&#8221; text_font_size_tablet=&#8221;15px&#8221; text_font_size_phone=&#8221;10px&#8221; text_font_size_last_edited=&#8221;on|tablet&#8221; module_alignment_tablet=&#8221;center&#8221; module_alignment_phone=&#8221;center&#8221; module_alignment_last_edited=&#8221;on|tablet&#8221; border_radii=&#8221;on|20px|20px|20px|20px&#8221; border_width_all=&#8221;20px&#8221; border_color_all=&#8221;#49b8d6&#8243; box_shadow_style=&#8221;preset4&#8243; box_shadow_horizontal=&#8221;8px&#8221; box_shadow_vertical=&#8221;8px&#8221; global_colors_info=&#8221;{}&#8221;]<\/p>\n<p><span style=\"color: #ffffff\"><b>FONTS P\u00daBLIQUES DE DADES<\/b><\/span><\/p>\n<p><span style=\"color: #ffffff\"><a style=\"color: #ffffff\" href=\"https:\/\/www.google.com\/publicdata\/directory?hl=es\" target=\"_blank\" rel=\"noopener\"><span style=\"font-weight: 400\">\u2192 <span style=\"text-decoration: underline\">Google Public Data<\/span><\/span><\/a><span style=\"font-weight: 400\">. Inclou Eurostat, INE, Banc Mundial i Govern Basc. <\/span><\/span><\/p>\n<p><span style=\"color: #ffffff\"><a style=\"color: #ffffff\" href=\"https:\/\/pegv.gva.es\/va\/informacion-estadistica\" target=\"_blank\" rel=\"noopener\"><span style=\"font-weight: 400\">\u2192 <span style=\"text-decoration: underline\">IVE Institut Valenci\u00e0 d\u2019Estad\u00edstica<\/span><\/span><\/a><span style=\"font-weight: 400\">. Dades estad\u00edstiques en la Comunitat Valenciana. <\/span><\/span><\/p>\n<p><span style=\"color: #ffffff\"><a style=\"color: #ffffff\" href=\"https:\/\/pegv.gva.es\/va\/enlaces-comunitat-valenciana\" target=\"_blank\" rel=\"noopener\"><span style=\"font-weight: 400\">\u2192 <span style=\"text-decoration: underline\">Portals d&#8217;estad\u00edstica en la Comunitat Valenciana<\/span><\/span><\/a><span style=\"font-weight: 400\"> (Fte: IVE). <\/span> <\/span><\/p>\n<p><span style=\"color: #ffffff\"><a style=\"color: #ffffff\" href=\"https:\/\/www.ivie.es\/es_ES\/bases-de-datos\/\" target=\"_blank\" rel=\"noopener\"><span style=\"font-weight: 400\">\u2192 <span style=\"text-decoration: underline\">IVIE Institut Valenci\u00e0 d&#8217;Investigacions Econ\u00f2miques<\/span><\/span><\/a><span style=\"font-weight: 400\">.<\/span><\/span><\/p>\n<p><span style=\"color: #ffffff\"><a style=\"color: #ffffff\" href=\"https:\/\/www.kaggle.com\/datasets\" target=\"_blank\" rel=\"noopener\"><span style=\"font-weight: 400\">\u2192 <span style=\"text-decoration: underline\">Kaggle Datasets<\/span><\/span><\/a><span style=\"font-weight: 400\">. Web de competicions estad\u00edstiques amb multitud de dades en obert. <\/span><\/span><\/p>\n<p>[\/et_pb_text][et_pb_text _builder_version=&#8221;4.17.4&#8243; _module_preset=&#8221;default&#8221; text_font=&#8221;Baloo Tammudu 2||||||||&#8221; text_text_color=&#8221;#3f3f3f&#8221; text_font_size=&#8221;19px&#8221; background_color=&#8221;#f8aa0f&#8221; text_orientation=&#8221;justified&#8221; max_width_tablet=&#8221;70%&#8221; max_width_phone=&#8221;70%&#8221; max_width_last_edited=&#8221;on|tablet&#8221; module_alignment=&#8221;center&#8221; text_font_size_tablet=&#8221;15px&#8221; text_font_size_phone=&#8221;10px&#8221; text_font_size_last_edited=&#8221;on|tablet&#8221; module_alignment_tablet=&#8221;center&#8221; module_alignment_phone=&#8221;center&#8221; module_alignment_last_edited=&#8221;on|tablet&#8221; border_radii=&#8221;on|20px|20px|20px|20px&#8221; border_width_all=&#8221;20px&#8221; border_color_all=&#8221;#f8aa0f&#8221; box_shadow_style=&#8221;preset4&#8243; box_shadow_horizontal=&#8221;8px&#8221; box_shadow_vertical=&#8221;8px&#8221; global_colors_info=&#8221;{}&#8221;]<\/p>\n<p><span style=\"color: #ffffff\"><b> <\/b><strong>PROGRAMARI ESTAD\u00cdSTIC i RECURSOS PER A E-ENQUESTES<\/strong><\/span><\/p>\n<p><span style=\"color: #ffffff\"><a href=\"https:\/\/support.google.com\/docs\/answer\/9330962?hl=es-419\" target=\"_blank\" rel=\"noopener\" style=\"color: #ffffff\">\u2192 <span style=\"text-decoration: underline\">Fulls de c\u00e0lcul de Google<\/span><\/a>. Gratu\u00eft per a comptes Gmail i Google Suite.<\/span><\/p>\n<p><span style=\"color: #ffffff\"><a href=\"https:\/\/support.microsoft.com\/es-es\/office\/usar-las-herramientas-para-an%C3%A1lisis-para-realizar-an%C3%A1lisis-de-datos-complejos-6c67ccf0-f4a9-487c-8dec-bdb5a2cefab6\" target=\"_blank\" rel=\"noopener\" style=\"color: #ffffff\">\u2192 <span style=\"text-decoration: underline\">Excel de Microsoft 365 <\/span><\/a>. Gratu\u00eft baix convenis en Educaci\u00f3.<\/span><\/p>\n<p><span style=\"color: #ffffff\"><a href=\"https:\/\/www.r-project.org\/\" target=\"_blank\" rel=\"noopener\" style=\"color: #ffffff\">\u2192 <span style=\"text-decoration: underline\">R <\/span><\/a><span style=\"font-weight: 400\"> y <\/span> <span style=\"color: #ffffff\"><a href=\"https:\/\/www.uv.es\/conesa\/CursoR\/material\/Manual-R-commander.pdf\" target=\"_blank\" rel=\"noopener\" style=\"color: #ffffff\"><span style=\"text-decoration: underline\">R Commander <\/span><\/a>. Programari professional gratu\u00eft per a l&#8217;an\u00e0lisi estad\u00edstica, i llibreria amb la qual generar una interf\u00edcie amigable, amb men\u00fas, per a les an\u00e0lisis b\u00e0siques. <\/span><\/p>\n<p><span style=\"color: #ffffff\"><a href=\"https:\/\/support.google.com\/docs\/answer\/9330962?hl=es-419\" target=\"_blank\" rel=\"noopener\" style=\"color: #ffffff\">\u2192 <span style=\"text-decoration: underline\">Formularis de Google<\/span><\/a>. per a fer enquestes en l\u00ednia.<\/span><\/p>\n<p><span style=\"color: #ffffff\"><a href=\"https:\/\/protecciondatos-lopd.com\/empresas\/encuestas\/\" target=\"_blank\" rel=\"noopener\" style=\"color: #ffffff\">\u2192 <span style=\"text-decoration: underline\">Protecci\u00f3 de dades en enquestes. Qu\u00e8 diu la Llei?<\/span><\/a> Indicacions per a garantir el respecte a la *RGPD-*LOPDGDD en la recopilaci\u00f3 de dades amb enquestes.<\/span><\/p>\n<p>[\/et_pb_text][et_pb_text _builder_version=&#8221;4.17.4&#8243; _module_preset=&#8221;default&#8221; text_font=&#8221;Baloo Tammudu 2||||||||&#8221; text_text_color=&#8221;#3f3f3f&#8221; text_font_size=&#8221;19px&#8221; background_color=&#8221;#874d99&#8243; text_orientation=&#8221;justified&#8221; max_width_tablet=&#8221;70%&#8221; max_width_phone=&#8221;70%&#8221; max_width_last_edited=&#8221;on|tablet&#8221; text_font_size_tablet=&#8221;15px&#8221; text_font_size_phone=&#8221;10px&#8221; text_font_size_last_edited=&#8221;on|tablet&#8221; module_alignment_tablet=&#8221;center&#8221; module_alignment_phone=&#8221;center&#8221; module_alignment_last_edited=&#8221;on|tablet&#8221; border_radii=&#8221;on|20px|20px|20px|20px&#8221; border_width_all=&#8221;20px&#8221; border_color_all=&#8221;#874d99&#8243; box_shadow_style=&#8221;preset4&#8243; box_shadow_horizontal=&#8221;8px&#8221; box_shadow_vertical=&#8221;8px&#8221; global_colors_info=&#8221;{}&#8221;]<span style=\"color: #ffffff\"><b>GUIES PER A l&#8217;ELABORACI\u00d3 DE TREBALLS I INFORMES ESTAD\u00cdSTICS<\/b><\/span><\/p>\n<p><span style=\"color: #ffffff\"><a href=\"https:\/\/estudiosestadisticos.ucm.es\/idsye-consejos\" target=\"_blank\" rel=\"noopener\" style=\"color: #ffffff\"><span style=\"font-weight: 400\">\u2192 <span style=\"text-decoration: underline\">Consells per a una investigaci\u00f3 tipus incubadora de sondejos i experiments<\/span><\/span><\/a><span style=\"font-weight: 400\">. Guia elaborada per la Facultat d&#8217;Estudis Estad\u00edstics de la Universitat Complutense de Madrid. <\/span><\/span><\/p>\n<p><span style=\"color: #ffffff\"><a href=\"http:\/\/encuestasdeopinion.blogspot.com\/\" target=\"_blank\" rel=\"noopener\" style=\"color: #ffffff\"><span style=\"font-weight: 400\">\u2192 <span style=\"text-decoration: underline\">Enquestes d&#8217;opini\u00f3<\/span><\/span><\/a><span style=\"font-weight: 400\">. Web dedicada a les enquestes d&#8217;opini\u00f3 p\u00fablica i pol\u00edtica. Com fer una enquesta.<\/span><\/span><\/p>\n<p><span style=\"color: #ffffff\"><a href=\"https:\/\/www.inei.gob.pe\/media\/MenuRecursivo\/metodologias\/encuestas01.pdf\" target=\"_blank\" rel=\"noopener\" style=\"color: #ffffff\"><span style=\"font-weight: 400\">\u2192 <span style=\"text-decoration: underline\">Bones pr\u00e0ctiques d&#8217;una enquesta per mostreig<\/span><\/span><\/a><span style=\"font-weight: 400\">. Manual de bones pr\u00e0ctiques en el mostreig estad\u00edstic, elaborat per l&#8217;Institut Nacional d&#8217;Estad\u00edstica i Inform\u00e0tica del Per\u00fa. <\/span><\/span><\/p>\n<p>[\/et_pb_text][\/et_pb_column][\/et_pb_row][\/et_pb_section]<\/p>\n","protected":false},"excerpt":{"rendered":"<p>INCUBADORA DE SONDEJOS I EXPERIMENTS SEIO \u2192 Fase Nacional del Concurs tipus Incubadora de Sondejos i Experiments. SEIO. \u2192 Actes dels treballs presentats en la XI Fase Nacional dels Concursos tipus Incubadora de Sondejos i Experiments (any 2022).. \u2192 Actes dels treballs presentats en la XII Fase Nacional dels Concursos tipus Incubadora de Sondejos i [&hellip;]<\/p>\n","protected":false},"author":9434,"featured_media":0,"parent":0,"menu_order":0,"comment_status":"closed","ping_status":"closed","template":"","meta":{"_et_pb_use_builder":"on","_et_pb_old_content":"","_et_gb_content_width":"","_links_to":"","_links_to_target":""},"_links":{"self":[{"href":"https:\/\/vadedades.umh.es\/ca\/wp-json\/wp\/v2\/pages\/1254"}],"collection":[{"href":"https:\/\/vadedades.umh.es\/ca\/wp-json\/wp\/v2\/pages"}],"about":[{"href":"https:\/\/vadedades.umh.es\/ca\/wp-json\/wp\/v2\/types\/page"}],"author":[{"embeddable":true,"href":"https:\/\/vadedades.umh.es\/ca\/wp-json\/wp\/v2\/users\/9434"}],"replies":[{"embeddable":true,"href":"https:\/\/vadedades.umh.es\/ca\/wp-json\/wp\/v2\/comments?post=1254"}],"version-history":[{"count":0,"href":"https:\/\/vadedades.umh.es\/ca\/wp-json\/wp\/v2\/pages\/1254\/revisions"}],"wp:attachment":[{"href":"https:\/\/vadedades.umh.es\/ca\/wp-json\/wp\/v2\/media?parent=1254"}],"curies":[{"name":"wp","href":"https:\/\/api.w.org\/{rel}","templated":true}]}}